{"id":3471,"date":"2021-04-12T08:17:48","date_gmt":"2021-04-12T08:17:48","guid":{"rendered":"https:\/\/giada.qodeinteractive.com\/?page_id=3471"},"modified":"2026-01-20T17:05:47","modified_gmt":"2026-01-20T16:05:47","slug":"nosotros","status":"publish","type":"page","link":"https:\/\/qa-infinityoutlet.articc.top\/index.php\/nosotros\/","title":{"rendered":"Nosotros"},"content":{"rendered":"\t\t<div data-elementor-type=\"wp-page\" data-elementor-id=\"3471\" class=\"elementor elementor-3471\" data-elementor-post-type=\"page\">\n\t\t\t\t\t\t<section class=\"elementor-section elementor-top-section elementor-element elementor-element-1901eb3 elementor-section-full_width qodef-elementor-content-grid elementor-section-height-default elementor-section-height-default\" data-id=\"1901eb3\" data-element_type=\"section\" data-e-type=\"section\">\n\t\t\t\t\t\t<div class=\"elementor-container elementor-column-gap-default\">\n\t\t\t\t\t<div class=\"elementor-column elementor-col-25 elementor-top-column elementor-element elementor-element-e78df4b\" data-id=\"e78df4b\" data-element_type=\"column\" data-e-type=\"column\">\n\t\t\t<div class=\"elementor-widget-wrap elementor-element-populated\">\n\t\t\t\t\t\t<div class=\"elementor-element elementor-element-4697c57 elementor-widget elementor-widget-giada_core_icon_with_text\" data-id=\"4697c57\" data-element_type=\"widget\" data-e-type=\"widget\" data-widget_type=\"giada_core_icon_with_text.default\">\n\t\t\t\t<div class=\"elementor-widget-container\">\n\t\t\t\t\t<div class=\"qodef-shortcode qodef-m  qodef-icon-with-text qodef-layout--top qodef--custom-icon qodef-separator--enabled qodef-separator-position--bottom qodef-alignment--center\">\n\t<div class=\"qodef-m-icon-wrapper\">\n\t\t\t\t\t<a itemprop=\"url\" href=\"#\" target=\"_self\">\n\t\t\t<img decoding=\"async\" width=\"150\" height=\"164\" src=\"https:\/\/qa-infinityoutlet.articc.top\/wp-content\/uploads\/2026\/01\/ChatGPT-Image-19-ene-2026-12_25_10-p.m-e1768843995873.png\" class=\"attachment-full size-full\" alt=\"\" \/>\t\t\t<\/a>\n\t\t<\/div>\n\t<div class=\"qodef-m-content\">\n\t\t\t<h5 class=\"qodef-m-title\" >\n\t\t\t\t\t<a itemprop=\"url\" href=\"#\" target=\"_self\">\n\t\t\t\t\t<span class=\"qodef-m-title-text\">Calidad garantizada<\/span>\n\t\t\t\t\t<\/a>\n\t\t\t<\/h5>\n\t\t\t<p class=\"qodef-m-text\" >Seleccionamos relojes aut\u00e9nticos, con altos est\u00e1ndares de dise\u00f1o y funcionamiento.<\/p>\n\t\t\t<span class=\"qodef-m-separator\" ><\/span>\n\t<\/div>\n<\/div>\n\t\t\t\t<\/div>\n\t\t\t\t<\/div>\n\t\t\t\t\t<\/div>\n\t\t<\/div>\n\t\t\t\t<div class=\"elementor-column elementor-col-25 elementor-top-column elementor-element elementor-element-1aecb17\" data-id=\"1aecb17\" data-element_type=\"column\" data-e-type=\"column\">\n\t\t\t<div class=\"elementor-widget-wrap elementor-element-populated\">\n\t\t\t\t\t\t<div class=\"elementor-element elementor-element-1b2b368 elementor-widget elementor-widget-giada_core_icon_with_text\" data-id=\"1b2b368\" data-element_type=\"widget\" data-e-type=\"widget\" data-widget_type=\"giada_core_icon_with_text.default\">\n\t\t\t\t<div class=\"elementor-widget-container\">\n\t\t\t\t\t<div class=\"qodef-shortcode qodef-m  qodef-icon-with-text qodef-layout--top qodef--custom-icon qodef-separator--enabled qodef-separator-position--top qodef-alignment--center\">\n\t<div class=\"qodef-m-icon-wrapper\">\n\t\t\t\t\t<a itemprop=\"url\" href=\"#\" target=\"_self\">\n\t\t\t<img decoding=\"async\" width=\"120\" height=\"161\" src=\"https:\/\/qa-infinityoutlet.articc.top\/wp-content\/uploads\/2026\/01\/ChatGPT-Image-19-ene-2026-12_27_22-p.m-e1768844771529.png\" class=\"attachment-full size-full\" alt=\"\" \/>\t\t\t<\/a>\n\t\t<\/div>\n\t<div class=\"qodef-m-content\">\n\t\t\t<h5 class=\"qodef-m-title\" >\n\t\t\t\t\t<a itemprop=\"url\" href=\"#\" target=\"_self\">\n\t\t\t\t\t<span class=\"qodef-m-title-text\">Dise\u00f1o y estilo<\/span>\n\t\t\t\t\t<\/a>\n\t\t\t<\/h5>\n\t\t\t<p class=\"qodef-m-text\" >Modelos pensados para acompa\u00f1ar cada momento, combinando elegancia y personalidad.<\/p>\n\t\t\t<span class=\"qodef-m-separator\" ><\/span>\n\t<\/div>\n<\/div>\n\t\t\t\t<\/div>\n\t\t\t\t<\/div>\n\t\t\t\t\t<\/div>\n\t\t<\/div>\n\t\t\t\t<div class=\"elementor-column elementor-col-25 elementor-top-column elementor-element elementor-element-2411da4\" data-id=\"2411da4\" data-element_type=\"column\" data-e-type=\"column\">\n\t\t\t<div class=\"elementor-widget-wrap elementor-element-populated\">\n\t\t\t\t\t\t<div class=\"elementor-element elementor-element-efcd2da elementor-widget elementor-widget-giada_core_icon_with_text\" data-id=\"efcd2da\" data-element_type=\"widget\" data-e-type=\"widget\" data-widget_type=\"giada_core_icon_with_text.default\">\n\t\t\t\t<div class=\"elementor-widget-container\">\n\t\t\t\t\t<div class=\"qodef-shortcode qodef-m  qodef-icon-with-text qodef-layout--top qodef--custom-icon qodef-separator--enabled qodef-separator-position--bottom qodef-alignment--center\">\n\t<div class=\"qodef-m-icon-wrapper\">\n\t\t\t\t\t<a itemprop=\"url\" href=\"#\" target=\"_self\">\n\t\t\t<img decoding=\"async\" width=\"140\" height=\"159\" src=\"https:\/\/qa-infinityoutlet.articc.top\/wp-content\/uploads\/2026\/01\/ChatGPT_Image_19_ene_2026__12_28_51_p.m.-removebg-preview-e1768845331312.png\" class=\"attachment-full size-full\" alt=\"\" \/>\t\t\t<\/a>\n\t\t<\/div>\n\t<div class=\"qodef-m-content\">\n\t\t\t<h5 class=\"qodef-m-title\" >\n\t\t\t\t\t<a itemprop=\"url\" href=\"#\" target=\"_self\">\n\t\t\t\t\t<span class=\"qodef-m-title-text\">Atenci\u00f3n personalizada<\/span>\n\t\t\t\t\t<\/a>\n\t\t\t<\/h5>\n\t\t\t<p class=\"qodef-m-text\" >Asesoramos a cada cliente para que encuentre el reloj ideal seg\u00fan su estilo y necesidad.<\/p>\n\t\t\t<span class=\"qodef-m-separator\" ><\/span>\n\t<\/div>\n<\/div>\n\t\t\t\t<\/div>\n\t\t\t\t<\/div>\n\t\t\t\t\t<\/div>\n\t\t<\/div>\n\t\t\t\t<div class=\"elementor-column elementor-col-25 elementor-top-column elementor-element elementor-element-22affbd\" data-id=\"22affbd\" data-element_type=\"column\" data-e-type=\"column\">\n\t\t\t<div class=\"elementor-widget-wrap elementor-element-populated\">\n\t\t\t\t\t\t<div class=\"elementor-element elementor-element-c4afca1 elementor-widget elementor-widget-giada_core_icon_with_text\" data-id=\"c4afca1\" data-element_type=\"widget\" data-e-type=\"widget\" data-widget_type=\"giada_core_icon_with_text.default\">\n\t\t\t\t<div class=\"elementor-widget-container\">\n\t\t\t\t\t<div class=\"qodef-shortcode qodef-m  qodef-icon-with-text qodef-layout--top qodef--custom-icon qodef-separator--enabled qodef-separator-position--top qodef-alignment--center\">\n\t<div class=\"qodef-m-icon-wrapper\">\n\t\t\t\t\t<a itemprop=\"url\" href=\"#\" target=\"_self\">\n\t\t\t<img loading=\"lazy\" decoding=\"async\" width=\"230\" height=\"160\" src=\"https:\/\/qa-infinityoutlet.articc.top\/wp-content\/uploads\/2026\/01\/ChatGPT_Image_19_ene_2026__12_30_25_p.m.-removebg-preview-e1768856459156.png\" class=\"attachment-full size-full\" alt=\"\" \/>\t\t\t<\/a>\n\t\t<\/div>\n\t<div class=\"qodef-m-content\">\n\t\t\t<h5 class=\"qodef-m-title\" >\n\t\t\t\t\t<a itemprop=\"url\" href=\"#\" target=\"_self\">\n\t\t\t\t\t<span class=\"qodef-m-title-text\">Confianza y respaldo<\/span>\n\t\t\t\t\t<\/a>\n\t\t\t<\/h5>\n\t\t\t<p class=\"qodef-m-text\" >Trabajamos con compromiso, transparencia y garant\u00eda en cada una de tus compras, cuidando cada detalle.<\/p>\n\t\t\t<span class=\"qodef-m-separator\" ><\/span>\n\t<\/div>\n<\/div>\n\t\t\t\t<\/div>\n\t\t\t\t<\/div>\n\t\t\t\t\t<\/div>\n\t\t<\/div>\n\t\t\t\t\t<\/div>\n\t\t<\/section>\n\t\t\t\t<section class=\"elementor-section elementor-top-section elementor-element elementor-element-dba6df6 elementor-section-full_width elementor-section-height-default elementor-section-height-default qodef-elementor-content-no\" data-id=\"dba6df6\" data-element_type=\"section\" data-e-type=\"section\">\n\t\t\t\t\t\t<div class=\"elementor-container elementor-column-gap-default\">\n\t\t\t\t\t<div class=\"elementor-column elementor-col-50 elementor-top-column elementor-element elementor-element-0ad330f\" data-id=\"0ad330f\" data-element_type=\"column\" data-e-type=\"column\" data-settings=\"{&quot;background_background&quot;:&quot;classic&quot;}\">\n\t\t\t<div class=\"elementor-widget-wrap\">\n\t\t\t\t\t\t\t<\/div>\n\t\t<\/div>\n\t\t\t\t<div class=\"elementor-column elementor-col-50 elementor-top-column elementor-element elementor-element-37def6b\" data-id=\"37def6b\" data-element_type=\"column\" data-e-type=\"column\" data-settings=\"{&quot;background_background&quot;:&quot;classic&quot;}\">\n\t\t\t<div class=\"elementor-widget-wrap elementor-element-populated\">\n\t\t\t\t\t\t<div class=\"elementor-element elementor-element-eca1717 elementor-widget elementor-widget-giada_core_section_title\" data-id=\"eca1717\" data-element_type=\"widget\" data-e-type=\"widget\" data-widget_type=\"giada_core_section_title.default\">\n\t\t\t\t<div class=\"elementor-widget-container\">\n\t\t\t\t\t<div class=\"qodef-shortcode qodef-m  qodef-section-title qodef-alignment--center \">\n\t\t\t<h3 class=\"qodef-m-title\" >\n\t\t\t\t\tNuestra empresa\t\t\t<\/h3>\n\t\t<span class=\"qodef-m-separator\" style=\"width: 100px\"><\/span>\n\t\t<p class=\"qodef-m-text\" style=\"margin-top: 20px;color: #333333\">Un proyecto que nace del esfuerzo, la pasi\u00f3n y el deseo de crear una empresa confiable.<\/p>\n<\/div>\n\t\t\t\t<\/div>\n\t\t\t\t<\/div>\n\t\t\t\t<div class=\"elementor-element elementor-element-65f3897 elementor-widget__width-initial elementor-widget elementor-widget-wp-widget-text\" data-id=\"65f3897\" data-element_type=\"widget\" data-e-type=\"widget\" data-widget_type=\"wp-widget-text.default\">\n\t\t\t\t<div class=\"elementor-widget-container\">\n\t\t\t\t\t\t\t\t<div class=\"textwidget\"><div class=\"texto-centrado-nosotros\">\n<p>Infinity Outlet surge como un proyecto independiente enfocado en la relojer\u00eda, construido paso a paso con dedicaci\u00f3n y constancia.<br \/>\nDesde nuestros inicios, nos propusimos ofrecer relojes aut\u00e9nticos que combinen dise\u00f1o, calidad y precios competentes, cuidando cada detalle del proceso y priorizando siempre la confianza de nuestros clientes.<\/p>\n<\/div>\n<\/div>\n\t\t\t\t\t\t<\/div>\n\t\t\t\t<\/div>\n\t\t\t\t\t<\/div>\n\t\t<\/div>\n\t\t\t\t\t<\/div>\n\t\t<\/section>\n\t\t\t\t<section class=\"elementor-section elementor-top-section elementor-element elementor-element-2479694 elementor-section-full_width elementor-section-height-default elementor-section-height-default qodef-elementor-content-no\" data-id=\"2479694\" data-element_type=\"section\" data-e-type=\"section\">\n\t\t\t\t\t\t<div class=\"elementor-container elementor-column-gap-default\">\n\t\t\t\t\t<div class=\"elementor-column elementor-col-50 elementor-top-column elementor-element elementor-element-bee3696\" data-id=\"bee3696\" data-element_type=\"column\" data-e-type=\"column\" data-settings=\"{&quot;background_background&quot;:&quot;classic&quot;}\">\n\t\t\t<div class=\"elementor-widget-wrap elementor-element-populated\">\n\t\t\t\t\t\t<div class=\"elementor-element elementor-element-556d9c3 elementor-widget__width-initial elementor-widget elementor-widget-giada_core_section_title\" data-id=\"556d9c3\" data-element_type=\"widget\" data-e-type=\"widget\" data-widget_type=\"giada_core_section_title.default\">\n\t\t\t\t<div class=\"elementor-widget-container\">\n\t\t\t\t\t<div class=\"qodef-shortcode qodef-m  qodef-section-title qodef-alignment--center \">\n\t\t\t<h3 class=\"qodef-m-title\" >\n\t\t\t\t\tNuestra visi\u00f3n\t\t\t<\/h3>\n\t\t<span class=\"qodef-m-separator\" style=\"width: 100px\"><\/span>\n\t\t<p class=\"qodef-m-text\" style=\"margin-top: 20px;color: #333333\">Crecer como una marca s\u00f3lida, confiable y cercana, construida con trabajo constante y visi\u00f3n a largo plazo.<\/p>\n<\/div>\n\t\t\t\t<\/div>\n\t\t\t\t<\/div>\n\t\t\t\t<div class=\"elementor-element elementor-element-f4ce5c3 elementor-widget__width-initial elementor-widget elementor-widget-wp-widget-text\" data-id=\"f4ce5c3\" data-element_type=\"widget\" data-e-type=\"widget\" data-widget_type=\"wp-widget-text.default\">\n\t\t\t\t<div class=\"elementor-widget-container\">\n\t\t\t\t\t\t\t\t<div class=\"textwidget\"><p>Nuestro prop\u00f3sito es seguir desarrollando este proyecto con responsabilidad y compromiso, apostando por la mejora continua en cada proceso. Buscamos consolidarnos como una empresa que inspire confianza, ofreciendo una experiencia de compra clara, transparente y orientada al cliente, donde cada detalle refleje nuestra pasi\u00f3n por la relojer\u00eda y nuestro enfoque en el crecimiento sostenible.<\/p>\n<\/div>\n\t\t\t\t\t\t<\/div>\n\t\t\t\t<\/div>\n\t\t\t\t\t<\/div>\n\t\t<\/div>\n\t\t\t\t<div class=\"elementor-column elementor-col-50 elementor-top-column elementor-element elementor-element-fd18b25\" data-id=\"fd18b25\" data-element_type=\"column\" data-e-type=\"column\" data-settings=\"{&quot;background_background&quot;:&quot;classic&quot;}\">\n\t\t\t<div class=\"elementor-widget-wrap\">\n\t\t\t\t\t\t\t<\/div>\n\t\t<\/div>\n\t\t\t\t\t<\/div>\n\t\t<\/section>\n\t\t<div class=\"elementor-element elementor-element-a5b9386 e-flex e-con-boxed e-con e-parent\" data-id=\"a5b9386\" data-element_type=\"container\" data-e-type=\"container\">\n\t\t\t\t\t<div class=\"e-con-inner\">\n\t\t\t\t<div class=\"elementor-element elementor-element-fc5fe02 elementor-widget elementor-widget-spacer\" data-id=\"fc5fe02\" data-element_type=\"widget\" data-e-type=\"widget\" data-widget_type=\"spacer.default\">\n\t\t\t\t\t\t\t<div class=\"elementor-spacer\">\n\t\t\t<div class=\"elementor-spacer-inner\"><\/div>\n\t\t<\/div>\n\t\t\t\t\t\t<\/div>\n\t\t\t\t\t<\/div>\n\t\t\t\t<\/div>\n\t\t\t\t<\/div>\n\t\t","protected":false},"excerpt":{"rendered":"<p>Calidad garantizada Seleccionamos relojes aut\u00e9nticos, con altos est\u00e1ndares de dise\u00f1o y funcionamiento. Dise\u00f1o y estilo Modelos pensados para acompa\u00f1ar cada momento, combinando elegancia y personalidad. Atenci\u00f3n personalizada Asesoramos a cada cliente para que encuentre el reloj ideal seg\u00fan su estilo y necesidad. Confianza y respaldo Trabajamos con compromiso, transparencia y garant\u00eda en cada una de [&hellip;]<\/p>\n","protected":false},"author":2,"featured_media":0,"parent":0,"menu_order":0,"comment_status":"closed","ping_status":"closed","template":"page-full-width.php","meta":{"footnotes":""},"class_list":["post-3471","page","type-page","status-publish","hentry"],"jetpack_sharing_enabled":true,"_links":{"self":[{"href":"https:\/\/qa-infinityoutlet.articc.top\/index.php\/wp-json\/wp\/v2\/pages\/3471","targetHints":{"allow":["GET"]}}],"collection":[{"href":"https:\/\/qa-infinityoutlet.articc.top\/index.php\/wp-json\/wp\/v2\/pages"}],"about":[{"href":"https:\/\/qa-infinityoutlet.articc.top\/index.php\/wp-json\/wp\/v2\/types\/page"}],"author":[{"embeddable":true,"href":"https:\/\/qa-infinityoutlet.articc.top\/index.php\/wp-json\/wp\/v2\/users\/2"}],"replies":[{"embeddable":true,"href":"https:\/\/qa-infinityoutlet.articc.top\/index.php\/wp-json\/wp\/v2\/comments?post=3471"}],"version-history":[{"count":161,"href":"https:\/\/qa-infinityoutlet.articc.top\/index.php\/wp-json\/wp\/v2\/pages\/3471\/revisions"}],"predecessor-version":[{"id":9743,"href":"https:\/\/qa-infinityoutlet.articc.top\/index.php\/wp-json\/wp\/v2\/pages\/3471\/revisions\/9743"}],"wp:attachment":[{"href":"https:\/\/qa-infinityoutlet.articc.top\/index.php\/wp-json\/wp\/v2\/media?parent=3471"}],"curies":[{"name":"wp","href":"https:\/\/api.w.org\/{rel}","templated":true}]}}